{"id":3177,"date":"2022-05-08T20:42:28","date_gmt":"2022-05-08T20:42:28","guid":{"rendered":"https:\/\/inahsa.com\/tienda\/?post_type=product&#038;p=3177"},"modified":"2022-11-29T19:08:04","modified_gmt":"2022-11-29T19:08:04","slug":"anclas","status":"publish","type":"product","link":"https:\/\/inahsamx.com\/tienda\/product\/anclas\/","title":{"rendered":"Anclas"},"content":{"rendered":"<p>Acero redondo de A36 con 3\/4\u00a8 y\/o 1&#8243; de di\u00e1metro, el \u00e1ngulo de 90 grados se forma mediante troquelado en frio. cuenta con una tuerca y roldana en acero galvanizado. El acabado es natural o puede ser galvanizado bajo especificaci\u00f3n<\/p>\n<p>&nbsp;<\/p>\n<p>Si quieres conocer m\u00e1s sobre\u00a0<a href=\"https:\/\/inahsa.com\/tienda\/product-category\/4-postes-y-herrajes\/\">Postes y Herrajes<\/a>\u00a0visita nuera categor\u00eda dedicada, tambi\u00e9n puedes visitar nuestros dem\u00e1s\u00a0<a href=\"https:\/\/inahsa.com\/tienda\/shop\/\">productos<\/a>\u00a0y si tienes alg\u00fan comentario no dudes en\u00a0<a href=\"http:\/\/inahsa.com\/contacto.html\">contactarnos.<\/a><\/p>\n","protected":false},"excerpt":{"rendered":"<p>&nbsp;<\/p>\n<div class=\"btn\"><a href=\"https:\/\/inahsa.com\/tienda\/wp-content\/uploads\/2022\/05\/CATALOGO-ANCLAS_rev.pdf\">Descargar Ficha T\u00e9cnica <\/a><\/div>\n<div class=\"btn\"><a href=\"http:\/\/inahsa.com\/contacto.html\">Cotizar<\/a><\/div>\n","protected":false},"featured_media":3249,"comment_status":"closed","ping_status":"closed","template":"","meta":{"_joinchat":[]},"product_cat":[32],"product_tag":[],"class_list":["post-3177","product","type-product","status-publish","has-post-thumbnail","hentry","product_cat-4-postes-y-herrajes"],"yoast_head":"<!-- This site is optimized with the Yoast SEO plugin v19.0 - https:\/\/yoast.com\/wordpress\/plugins\/seo\/ -->\n<title>Anclas - INAHSA<\/title>\n<meta name=\"robots\" content=\"index, follow, max-snippet:-1, max-image-preview:large, max-video-preview:-1\" \/>\n<link rel=\"canonical\" href=\"https:\/\/inahsamx.com\/tienda\/product\/anclas\/\" \/>\n<meta property=\"og:locale\" content=\"es_ES\" \/>\n<meta property=\"og:type\" content=\"article\" \/>\n<meta property=\"og:title\" content=\"Anclas - INAHSA\" \/>\n<meta property=\"og:description\" content=\"&nbsp; Descargar Ficha T\u00e9cnica  Cotizar\" \/>\n<meta property=\"og:url\" content=\"https:\/\/inahsamx.com\/tienda\/product\/anclas\/\" \/>\n<meta property=\"og:site_name\" content=\"INAHSA\" \/>\n<meta property=\"article:modified_time\" content=\"2022-11-29T19:08:04+00:00\" \/>\n<meta property=\"og:image\" content=\"https:\/\/inahsamx.com\/tienda\/wp-content\/uploads\/2022\/05\/ancla.jpg\" \/>\n\t<meta property=\"og:image:width\" content=\"1000\" \/>\n\t<meta property=\"og:image:height\" content=\"1000\" \/>\n\t<meta property=\"og:image:type\" content=\"image\/jpeg\" \/>\n<meta name=\"twitter:card\" content=\"summary_large_image\" \/>\n<meta name=\"twitter:label1\" content=\"Tiempo de lectura\" \/>\n\t<meta name=\"twitter:data1\" content=\"1 minuto\" \/>\n<script type=\"application\/ld+json\" class=\"yoast-schema-graph\">{\"@context\":\"https:\/\/schema.org\",\"@graph\":[{\"@type\":\"WebSite\",\"@id\":\"https:\/\/inahsamx.com\/tienda\/#website\",\"url\":\"https:\/\/inahsamx.com\/tienda\/\",\"name\":\"INAHSA\",\"description\":\"Industrial Nacional de Alumbrado y Herrajes S.A de C.V.\",\"potentialAction\":[{\"@type\":\"SearchAction\",\"target\":{\"@type\":\"EntryPoint\",\"urlTemplate\":\"https:\/\/inahsamx.com\/tienda\/?s={search_term_string}\"},\"query-input\":\"required name=search_term_string\"}],\"inLanguage\":\"es\"},{\"@type\":\"ImageObject\",\"inLanguage\":\"es\",\"@id\":\"https:\/\/inahsamx.com\/tienda\/product\/anclas\/#primaryimage\",\"url\":\"https:\/\/inahsamx.com\/tienda\/wp-content\/uploads\/2022\/05\/ancla.jpg\",\"contentUrl\":\"https:\/\/inahsamx.com\/tienda\/wp-content\/uploads\/2022\/05\/ancla.jpg\",\"width\":1000,\"height\":1000},{\"@type\":\"WebPage\",\"@id\":\"https:\/\/inahsamx.com\/tienda\/product\/anclas\/#webpage\",\"url\":\"https:\/\/inahsamx.com\/tienda\/product\/anclas\/\",\"name\":\"Anclas - INAHSA\",\"isPartOf\":{\"@id\":\"https:\/\/inahsamx.com\/tienda\/#website\"},\"primaryImageOfPage\":{\"@id\":\"https:\/\/inahsamx.com\/tienda\/product\/anclas\/#primaryimage\"},\"datePublished\":\"2022-05-08T20:42:28+00:00\",\"dateModified\":\"2022-11-29T19:08:04+00:00\",\"breadcrumb\":{\"@id\":\"https:\/\/inahsamx.com\/tienda\/product\/anclas\/#breadcrumb\"},\"inLanguage\":\"es\",\"potentialAction\":[{\"@type\":\"ReadAction\",\"target\":[\"https:\/\/inahsamx.com\/tienda\/product\/anclas\/\"]}]},{\"@type\":\"BreadcrumbList\",\"@id\":\"https:\/\/inahsamx.com\/tienda\/product\/anclas\/#breadcrumb\",\"itemListElement\":[{\"@type\":\"ListItem\",\"position\":1,\"name\":\"Portada\",\"item\":\"https:\/\/inahsamx.com\/tienda\/\"},{\"@type\":\"ListItem\",\"position\":2,\"name\":\"Tienda INAHSA\",\"item\":\"https:\/\/inahsamx.com\/tienda\/\"},{\"@type\":\"ListItem\",\"position\":3,\"name\":\"Anclas\"}]}]}<\/script>\n<!-- \/ Yoast SEO plugin. -->","yoast_head_json":{"title":"Anclas - INAHSA","robots":{"index":"index","follow":"follow","max-snippet":"max-snippet:-1","max-image-preview":"max-image-preview:large","max-video-preview":"max-video-preview:-1"},"canonical":"https:\/\/inahsamx.com\/tienda\/product\/anclas\/","og_locale":"es_ES","og_type":"article","og_title":"Anclas - INAHSA","og_description":"&nbsp; Descargar Ficha T\u00e9cnica  Cotizar","og_url":"https:\/\/inahsamx.com\/tienda\/product\/anclas\/","og_site_name":"INAHSA","article_modified_time":"2022-11-29T19:08:04+00:00","og_image":[{"width":1000,"height":1000,"url":"https:\/\/inahsamx.com\/tienda\/wp-content\/uploads\/2022\/05\/ancla.jpg","type":"image\/jpeg"}],"twitter_card":"summary_large_image","twitter_misc":{"Tiempo de lectura":"1 minuto"},"schema":{"@context":"https:\/\/schema.org","@graph":[{"@type":"WebSite","@id":"https:\/\/inahsamx.com\/tienda\/#website","url":"https:\/\/inahsamx.com\/tienda\/","name":"INAHSA","description":"Industrial Nacional de Alumbrado y Herrajes S.A de C.V.","potentialAction":[{"@type":"SearchAction","target":{"@type":"EntryPoint","urlTemplate":"https:\/\/inahsamx.com\/tienda\/?s={search_term_string}"},"query-input":"required name=search_term_string"}],"inLanguage":"es"},{"@type":"ImageObject","inLanguage":"es","@id":"https:\/\/inahsamx.com\/tienda\/product\/anclas\/#primaryimage","url":"https:\/\/inahsamx.com\/tienda\/wp-content\/uploads\/2022\/05\/ancla.jpg","contentUrl":"https:\/\/inahsamx.com\/tienda\/wp-content\/uploads\/2022\/05\/ancla.jpg","width":1000,"height":1000},{"@type":"WebPage","@id":"https:\/\/inahsamx.com\/tienda\/product\/anclas\/#webpage","url":"https:\/\/inahsamx.com\/tienda\/product\/anclas\/","name":"Anclas - INAHSA","isPartOf":{"@id":"https:\/\/inahsamx.com\/tienda\/#website"},"primaryImageOfPage":{"@id":"https:\/\/inahsamx.com\/tienda\/product\/anclas\/#primaryimage"},"datePublished":"2022-05-08T20:42:28+00:00","dateModified":"2022-11-29T19:08:04+00:00","breadcrumb":{"@id":"https:\/\/inahsamx.com\/tienda\/product\/anclas\/#breadcrumb"},"inLanguage":"es","potentialAction":[{"@type":"ReadAction","target":["https:\/\/inahsamx.com\/tienda\/product\/anclas\/"]}]},{"@type":"BreadcrumbList","@id":"https:\/\/inahsamx.com\/tienda\/product\/anclas\/#breadcrumb","itemListElement":[{"@type":"ListItem","position":1,"name":"Portada","item":"https:\/\/inahsamx.com\/tienda\/"},{"@type":"ListItem","position":2,"name":"Tienda INAHSA","item":"https:\/\/inahsamx.com\/tienda\/"},{"@type":"ListItem","position":3,"name":"Anclas"}]}]}},"_links":{"self":[{"href":"https:\/\/inahsamx.com\/tienda\/wp-json\/wp\/v2\/product\/3177","targetHints":{"allow":["GET"]}}],"collection":[{"href":"https:\/\/inahsamx.com\/tienda\/wp-json\/wp\/v2\/product"}],"about":[{"href":"https:\/\/inahsamx.com\/tienda\/wp-json\/wp\/v2\/types\/product"}],"replies":[{"embeddable":true,"href":"https:\/\/inahsamx.com\/tienda\/wp-json\/wp\/v2\/comments?post=3177"}],"wp:featuredmedia":[{"embeddable":true,"href":"https:\/\/inahsamx.com\/tienda\/wp-json\/wp\/v2\/media\/3249"}],"wp:attachment":[{"href":"https:\/\/inahsamx.com\/tienda\/wp-json\/wp\/v2\/media?parent=3177"}],"wp:term":[{"taxonomy":"product_cat","embeddable":true,"href":"https:\/\/inahsamx.com\/tienda\/wp-json\/wp\/v2\/product_cat?post=3177"},{"taxonomy":"product_tag","embeddable":true,"href":"https:\/\/inahsamx.com\/tienda\/wp-json\/wp\/v2\/product_tag?post=3177"}],"curies":[{"name":"wp","href":"https:\/\/api.w.org\/{rel}","templated":true}]}}