{"id":3237,"date":"2022-05-08T20:43:33","date_gmt":"2022-05-08T20:43:33","guid":{"rendered":"https:\/\/inahsa.com\/tienda\/?post_type=product&#038;p=3237"},"modified":"2022-11-29T21:13:30","modified_gmt":"2022-11-29T21:13:30","slug":"wall-mount","status":"publish","type":"product","link":"https:\/\/inahsamx.com\/tienda\/product\/wall-mount\/","title":{"rendered":"Wall Mount"},"content":{"rendered":"<p>Luminario con tecnolog\u00eda de led, con acceso frontal completo, acabado en pintura en polvo electrost\u00e1tica . La posici\u00f3n de montaje es horizontal directamente sobre el muro.<br \/>\nControl de encendido y apagado mediante un foto control tipo ojillo que opera a 120Vca.<\/p>\n<p>&nbsp;<\/p>\n<p>Si quieres conocer m\u00e1s sobre\u00a0<a href=\"https:\/\/inahsa.com\/tienda\/product-category\/1-led-iluminacion\/iluminacion-para-muro-led\/\">Iluminaci\u00f3n para muro LED<\/a>\u00a0visita nuera categor\u00eda dedicada, tambi\u00e9n puedes visitar nuestros dem\u00e1s\u00a0<a href=\"https:\/\/inahsa.com\/tienda\/shop\/\">productos<\/a>\u00a0y si tienes alg\u00fan comentario no dudes en\u00a0<a href=\"http:\/\/inahsa.com\/contacto.html\">contactarnos.<\/a><\/p>\n","protected":false},"excerpt":{"rendered":"<ul>\n<li><strong>POTENCIA:<\/strong>35W<\/li>\n<li><strong>ENTRADA VOLTAJE:\u00a0<\/strong>120-277V<\/li>\n<li><strong>TEMPERATURA DE COLOR:\u00a0<\/strong>4,000K-5,700K<\/li>\n<li><strong>VIDA \u00daTIL:\u00a0<\/strong>55,000 hrs<\/li>\n<li><strong>COLOR:<\/strong> Caf\u00e9 y negro<\/li>\n<li><strong>GARANT\u00cdA:<\/strong> 1 a\u00f1o<\/li>\n<\/ul>\n<div class=\"woocommerce-product-details__short-description\">\n<div class=\"btn\"><a href=\"https:\/\/inahsa.com\/tienda\/wp-content\/uploads\/2022\/05\/CATALOGO-WALL-MOUNT.pdf\">Descargar Ficha T\u00e9cnica <\/a><\/div>\n<div class=\"btn\"><a href=\"http:\/\/inahsa.com\/contacto.html\">Cotizar<\/a><\/div>\n<\/div>\n","protected":false},"featured_media":3294,"comment_status":"open","ping_status":"closed","template":"","meta":{"_joinchat":[]},"product_cat":[22,25,30],"product_tag":[],"class_list":["post-3237","product","type-product","status-publish","has-post-thumbnail","hentry","product_cat-1-led-iluminacion","product_cat-3-hid-iluminacion","product_cat-iluminacion-para-muro-led"],"yoast_head":"<!-- This site is optimized with the Yoast SEO plugin v19.0 - https:\/\/yoast.com\/wordpress\/plugins\/seo\/ -->\n<title>Wall Mount - INAHSA<\/title>\n<meta name=\"robots\" content=\"index, follow, max-snippet:-1, max-image-preview:large, max-video-preview:-1\" \/>\n<link rel=\"canonical\" href=\"https:\/\/inahsamx.com\/tienda\/product\/wall-mount\/\" \/>\n<meta property=\"og:locale\" content=\"es_ES\" \/>\n<meta property=\"og:type\" content=\"article\" \/>\n<meta property=\"og:title\" content=\"Wall Mount - INAHSA\" \/>\n<meta property=\"og:description\" content=\"POTENCIA:35W  ENTRADA VOLTAJE:\u00a0120-277V  TEMPERATURA DE COLOR:\u00a04,000K-5,700K  VIDA \u00daTIL:\u00a055,000 hrs  COLOR: Caf\u00e9 y negro  GARANT\u00cdA: 1 a\u00f1o   Descargar Ficha T\u00e9cnica  Cotizar\" \/>\n<meta property=\"og:url\" content=\"https:\/\/inahsamx.com\/tienda\/product\/wall-mount\/\" \/>\n<meta property=\"og:site_name\" content=\"INAHSA\" \/>\n<meta property=\"article:modified_time\" content=\"2022-11-29T21:13:30+00:00\" \/>\n<meta property=\"og:image\" content=\"https:\/\/inahsamx.com\/tienda\/wp-content\/uploads\/2022\/05\/wallmount.jpg\" \/>\n\t<meta property=\"og:image:width\" content=\"1000\" \/>\n\t<meta property=\"og:image:height\" content=\"1000\" \/>\n\t<meta property=\"og:image:type\" content=\"image\/jpeg\" \/>\n<meta name=\"twitter:card\" content=\"summary_large_image\" \/>\n<meta name=\"twitter:label1\" content=\"Tiempo de lectura\" \/>\n\t<meta name=\"twitter:data1\" content=\"1 minuto\" \/>\n<script type=\"application\/ld+json\" class=\"yoast-schema-graph\">{\"@context\":\"https:\/\/schema.org\",\"@graph\":[{\"@type\":\"WebSite\",\"@id\":\"https:\/\/inahsamx.com\/tienda\/#website\",\"url\":\"https:\/\/inahsamx.com\/tienda\/\",\"name\":\"INAHSA\",\"description\":\"Industrial Nacional de Alumbrado y Herrajes S.A de C.V.\",\"potentialAction\":[{\"@type\":\"SearchAction\",\"target\":{\"@type\":\"EntryPoint\",\"urlTemplate\":\"https:\/\/inahsamx.com\/tienda\/?s={search_term_string}\"},\"query-input\":\"required name=search_term_string\"}],\"inLanguage\":\"es\"},{\"@type\":\"ImageObject\",\"inLanguage\":\"es\",\"@id\":\"https:\/\/inahsamx.com\/tienda\/product\/wall-mount\/#primaryimage\",\"url\":\"https:\/\/inahsamx.com\/tienda\/wp-content\/uploads\/2022\/05\/wallmount.jpg\",\"contentUrl\":\"https:\/\/inahsamx.com\/tienda\/wp-content\/uploads\/2022\/05\/wallmount.jpg\",\"width\":1000,\"height\":1000},{\"@type\":\"WebPage\",\"@id\":\"https:\/\/inahsamx.com\/tienda\/product\/wall-mount\/#webpage\",\"url\":\"https:\/\/inahsamx.com\/tienda\/product\/wall-mount\/\",\"name\":\"Wall Mount - INAHSA\",\"isPartOf\":{\"@id\":\"https:\/\/inahsamx.com\/tienda\/#website\"},\"primaryImageOfPage\":{\"@id\":\"https:\/\/inahsamx.com\/tienda\/product\/wall-mount\/#primaryimage\"},\"datePublished\":\"2022-05-08T20:43:33+00:00\",\"dateModified\":\"2022-11-29T21:13:30+00:00\",\"breadcrumb\":{\"@id\":\"https:\/\/inahsamx.com\/tienda\/product\/wall-mount\/#breadcrumb\"},\"inLanguage\":\"es\",\"potentialAction\":[{\"@type\":\"ReadAction\",\"target\":[\"https:\/\/inahsamx.com\/tienda\/product\/wall-mount\/\"]}]},{\"@type\":\"BreadcrumbList\",\"@id\":\"https:\/\/inahsamx.com\/tienda\/product\/wall-mount\/#breadcrumb\",\"itemListElement\":[{\"@type\":\"ListItem\",\"position\":1,\"name\":\"Portada\",\"item\":\"https:\/\/inahsamx.com\/tienda\/\"},{\"@type\":\"ListItem\",\"position\":2,\"name\":\"Tienda INAHSA\",\"item\":\"https:\/\/inahsamx.com\/tienda\/\"},{\"@type\":\"ListItem\",\"position\":3,\"name\":\"Wall Mount\"}]}]}<\/script>\n<!-- \/ Yoast SEO plugin. -->","yoast_head_json":{"title":"Wall Mount - INAHSA","robots":{"index":"index","follow":"follow","max-snippet":"max-snippet:-1","max-image-preview":"max-image-preview:large","max-video-preview":"max-video-preview:-1"},"canonical":"https:\/\/inahsamx.com\/tienda\/product\/wall-mount\/","og_locale":"es_ES","og_type":"article","og_title":"Wall Mount - INAHSA","og_description":"POTENCIA:35W  ENTRADA VOLTAJE:\u00a0120-277V  TEMPERATURA DE COLOR:\u00a04,000K-5,700K  VIDA \u00daTIL:\u00a055,000 hrs  COLOR: Caf\u00e9 y negro  GARANT\u00cdA: 1 a\u00f1o   Descargar Ficha T\u00e9cnica  Cotizar","og_url":"https:\/\/inahsamx.com\/tienda\/product\/wall-mount\/","og_site_name":"INAHSA","article_modified_time":"2022-11-29T21:13:30+00:00","og_image":[{"width":1000,"height":1000,"url":"https:\/\/inahsamx.com\/tienda\/wp-content\/uploads\/2022\/05\/wallmount.jpg","type":"image\/jpeg"}],"twitter_card":"summary_large_image","twitter_misc":{"Tiempo de lectura":"1 minuto"},"schema":{"@context":"https:\/\/schema.org","@graph":[{"@type":"WebSite","@id":"https:\/\/inahsamx.com\/tienda\/#website","url":"https:\/\/inahsamx.com\/tienda\/","name":"INAHSA","description":"Industrial Nacional de Alumbrado y Herrajes S.A de C.V.","potentialAction":[{"@type":"SearchAction","target":{"@type":"EntryPoint","urlTemplate":"https:\/\/inahsamx.com\/tienda\/?s={search_term_string}"},"query-input":"required name=search_term_string"}],"inLanguage":"es"},{"@type":"ImageObject","inLanguage":"es","@id":"https:\/\/inahsamx.com\/tienda\/product\/wall-mount\/#primaryimage","url":"https:\/\/inahsamx.com\/tienda\/wp-content\/uploads\/2022\/05\/wallmount.jpg","contentUrl":"https:\/\/inahsamx.com\/tienda\/wp-content\/uploads\/2022\/05\/wallmount.jpg","width":1000,"height":1000},{"@type":"WebPage","@id":"https:\/\/inahsamx.com\/tienda\/product\/wall-mount\/#webpage","url":"https:\/\/inahsamx.com\/tienda\/product\/wall-mount\/","name":"Wall Mount - INAHSA","isPartOf":{"@id":"https:\/\/inahsamx.com\/tienda\/#website"},"primaryImageOfPage":{"@id":"https:\/\/inahsamx.com\/tienda\/product\/wall-mount\/#primaryimage"},"datePublished":"2022-05-08T20:43:33+00:00","dateModified":"2022-11-29T21:13:30+00:00","breadcrumb":{"@id":"https:\/\/inahsamx.com\/tienda\/product\/wall-mount\/#breadcrumb"},"inLanguage":"es","potentialAction":[{"@type":"ReadAction","target":["https:\/\/inahsamx.com\/tienda\/product\/wall-mount\/"]}]},{"@type":"BreadcrumbList","@id":"https:\/\/inahsamx.com\/tienda\/product\/wall-mount\/#breadcrumb","itemListElement":[{"@type":"ListItem","position":1,"name":"Portada","item":"https:\/\/inahsamx.com\/tienda\/"},{"@type":"ListItem","position":2,"name":"Tienda INAHSA","item":"https:\/\/inahsamx.com\/tienda\/"},{"@type":"ListItem","position":3,"name":"Wall Mount"}]}]}},"_links":{"self":[{"href":"https:\/\/inahsamx.com\/tienda\/wp-json\/wp\/v2\/product\/3237","targetHints":{"allow":["GET"]}}],"collection":[{"href":"https:\/\/inahsamx.com\/tienda\/wp-json\/wp\/v2\/product"}],"about":[{"href":"https:\/\/inahsamx.com\/tienda\/wp-json\/wp\/v2\/types\/product"}],"replies":[{"embeddable":true,"href":"https:\/\/inahsamx.com\/tienda\/wp-json\/wp\/v2\/comments?post=3237"}],"wp:featuredmedia":[{"embeddable":true,"href":"https:\/\/inahsamx.com\/tienda\/wp-json\/wp\/v2\/media\/3294"}],"wp:attachment":[{"href":"https:\/\/inahsamx.com\/tienda\/wp-json\/wp\/v2\/media?parent=3237"}],"wp:term":[{"taxonomy":"product_cat","embeddable":true,"href":"https:\/\/inahsamx.com\/tienda\/wp-json\/wp\/v2\/product_cat?post=3237"},{"taxonomy":"product_tag","embeddable":true,"href":"https:\/\/inahsamx.com\/tienda\/wp-json\/wp\/v2\/product_tag?post=3237"}],"curies":[{"name":"wp","href":"https:\/\/api.w.org\/{rel}","templated":true}]}}