{"id":3258,"date":"2022-05-08T20:43:56","date_gmt":"2022-05-08T20:43:56","guid":{"rendered":"https:\/\/inahsa.com\/tienda\/?post_type=product&#038;p=3258"},"modified":"2022-11-28T23:21:35","modified_gmt":"2022-11-28T23:21:35","slug":"aurum-led-50w-60w-90w-inahsa","status":"publish","type":"product","link":"https:\/\/inahsamx.com\/tienda\/product\/aurum-led-50w-60w-90w-inahsa\/","title":{"rendered":"Aurum LED 50W\/ 60W\/ 90W- INAHSA"},"content":{"rendered":"<p><strong>Aurum Led 50w \/ 60w \/ 90w<\/strong>. Luminario con cuerpo en inyecci\u00f3n de aluminio, mantiene una l\u00ednea cl\u00e1sica incorporando la tecnolog\u00eda LED. \u00a0Ideal para alumbrado p\u00fablico y vialidades.<\/p>\n<ul>\n<li>PUEDE IR CON BASE O SIN BASE PARA FOTOCELDA<\/li>\n<\/ul>\n<p>Si quieres conocer m\u00e1s sobre\u00a0<a href=\"https:\/\/inahsa.com\/tienda\/product-category\/1-led-iluminacion\/alumbrado-publico-led\/\">Alumbrado P\u00fablico LED<\/a> visita nuera categor\u00eda dedicada, tambi\u00e9n puedes visitar nuestros dem\u00e1s <a href=\"https:\/\/inahsa.com\/tienda\/shop\/\">productos<\/a>\u00a0y si tienes alg\u00fan comentario no dudes en\u00a0<a href=\"http:\/\/inahsa.com\/contacto.html\">contactarnos.<\/a><\/p>\n<p>&nbsp;<\/p>\n<p>&nbsp;<\/p>\n","protected":false},"excerpt":{"rendered":"<ul>\n<li><strong>POTENCIA:<\/strong>50W\/60W\/ 90W<\/li>\n<li><strong>TEMPERATURA DE COLOR:\u00a0<\/strong>4,000K-5,700K<\/li>\n<li>LUMINARIA LED CON SISTEMA PHILIPS<\/li>\n<li><strong>VIDA \u00daTIL:\u00a0<\/strong>100,000 hrs<\/li>\n<li><strong>GARANT\u00cdA:<\/strong> 5 A\u00d1OS<\/li>\n<\/ul>\n<p>MARCA: INAHSA<\/p>\n<div class=\"woocommerce-product-details__short-description\">\n<div class=\"btn\">\n<div class=\"btn\"><a href=\"https:\/\/inahsa.com\/tienda\/wp-content\/uploads\/2022\/05\/CATALOGO-AURUM-LED_rev.pdf\">Descargar Ficha T\u00e9cnica <\/a><\/div>\n<div class=\"btn\"><a href=\"http:\/\/inahsa.com\/contacto.html\">Cotizar para proyecto<\/a><\/div>\n<\/div>\n<\/div>\n","protected":false},"featured_media":3325,"comment_status":"closed","ping_status":"closed","template":"","meta":{"_joinchat":{"telephone":"+525546009072"}},"product_cat":[22,23],"product_tag":[],"class_list":["post-3258","product","type-product","status-publish","has-post-thumbnail","hentry","product_cat-1-led-iluminacion","product_cat-alumbrado-publico-led"],"yoast_head":"<!-- This site is optimized with the Yoast SEO plugin v19.0 - https:\/\/yoast.com\/wordpress\/plugins\/seo\/ -->\n<title>Aurum LED 50W\/ 60W\/ 90W- INAHSA - INAHSA<\/title>\n<meta name=\"description\" content=\"Aurum Led 50w \/ 60w \/ 90w. Luminario con cuerpo en inyecci\u00f3n de aluminio, mantiene una l\u00ednea cl\u00e1sica incorporando la tecnolog\u00eda LED.\" \/>\n<meta name=\"robots\" content=\"index, follow, max-snippet:-1, max-image-preview:large, max-video-preview:-1\" \/>\n<link rel=\"canonical\" href=\"https:\/\/inahsamx.com\/tienda\/product\/aurum-led-50w-60w-90w-inahsa\/\" \/>\n<meta property=\"og:locale\" content=\"es_ES\" \/>\n<meta property=\"og:type\" content=\"article\" \/>\n<meta property=\"og:title\" content=\"Aurum LED 50W\/ 60W\/ 90W- INAHSA - INAHSA\" \/>\n<meta property=\"og:description\" content=\"Aurum Led 50w \/ 60w \/ 90w. Luminario con cuerpo en inyecci\u00f3n de aluminio, mantiene una l\u00ednea cl\u00e1sica incorporando la tecnolog\u00eda LED.\" \/>\n<meta property=\"og:url\" content=\"https:\/\/inahsamx.com\/tienda\/product\/aurum-led-50w-60w-90w-inahsa\/\" \/>\n<meta property=\"og:site_name\" content=\"INAHSA\" \/>\n<meta property=\"article:modified_time\" content=\"2022-11-28T23:21:35+00:00\" \/>\n<meta property=\"og:image\" content=\"https:\/\/inahsamx.com\/tienda\/wp-content\/uploads\/2022\/05\/aurum4.jpg\" \/>\n\t<meta property=\"og:image:width\" content=\"1000\" \/>\n\t<meta property=\"og:image:height\" content=\"1000\" \/>\n\t<meta property=\"og:image:type\" content=\"image\/jpeg\" \/>\n<meta name=\"twitter:card\" content=\"summary_large_image\" \/>\n<meta name=\"twitter:label1\" content=\"Tiempo de lectura\" \/>\n\t<meta name=\"twitter:data1\" content=\"1 minuto\" \/>\n<script type=\"application\/ld+json\" class=\"yoast-schema-graph\">{\"@context\":\"https:\/\/schema.org\",\"@graph\":[{\"@type\":\"WebSite\",\"@id\":\"https:\/\/inahsamx.com\/tienda\/#website\",\"url\":\"https:\/\/inahsamx.com\/tienda\/\",\"name\":\"INAHSA\",\"description\":\"Industrial Nacional de Alumbrado y Herrajes S.A de C.V.\",\"potentialAction\":[{\"@type\":\"SearchAction\",\"target\":{\"@type\":\"EntryPoint\",\"urlTemplate\":\"https:\/\/inahsamx.com\/tienda\/?s={search_term_string}\"},\"query-input\":\"required name=search_term_string\"}],\"inLanguage\":\"es\"},{\"@type\":\"ImageObject\",\"inLanguage\":\"es\",\"@id\":\"https:\/\/inahsamx.com\/tienda\/product\/aurum-led-50w-60w-90w-inahsa\/#primaryimage\",\"url\":\"https:\/\/inahsamx.com\/tienda\/wp-content\/uploads\/2022\/05\/aurum4.jpg\",\"contentUrl\":\"https:\/\/inahsamx.com\/tienda\/wp-content\/uploads\/2022\/05\/aurum4.jpg\",\"width\":1000,\"height\":1000},{\"@type\":\"WebPage\",\"@id\":\"https:\/\/inahsamx.com\/tienda\/product\/aurum-led-50w-60w-90w-inahsa\/#webpage\",\"url\":\"https:\/\/inahsamx.com\/tienda\/product\/aurum-led-50w-60w-90w-inahsa\/\",\"name\":\"Aurum LED 50W\/ 60W\/ 90W- INAHSA - INAHSA\",\"isPartOf\":{\"@id\":\"https:\/\/inahsamx.com\/tienda\/#website\"},\"primaryImageOfPage\":{\"@id\":\"https:\/\/inahsamx.com\/tienda\/product\/aurum-led-50w-60w-90w-inahsa\/#primaryimage\"},\"datePublished\":\"2022-05-08T20:43:56+00:00\",\"dateModified\":\"2022-11-28T23:21:35+00:00\",\"description\":\"Aurum Led 50w \/ 60w \/ 90w. Luminario con cuerpo en inyecci\u00f3n de aluminio, mantiene una l\u00ednea cl\u00e1sica incorporando la tecnolog\u00eda LED.\",\"breadcrumb\":{\"@id\":\"https:\/\/inahsamx.com\/tienda\/product\/aurum-led-50w-60w-90w-inahsa\/#breadcrumb\"},\"inLanguage\":\"es\",\"potentialAction\":[{\"@type\":\"ReadAction\",\"target\":[\"https:\/\/inahsamx.com\/tienda\/product\/aurum-led-50w-60w-90w-inahsa\/\"]}]},{\"@type\":\"BreadcrumbList\",\"@id\":\"https:\/\/inahsamx.com\/tienda\/product\/aurum-led-50w-60w-90w-inahsa\/#breadcrumb\",\"itemListElement\":[{\"@type\":\"ListItem\",\"position\":1,\"name\":\"Portada\",\"item\":\"https:\/\/inahsamx.com\/tienda\/\"},{\"@type\":\"ListItem\",\"position\":2,\"name\":\"Tienda INAHSA\",\"item\":\"https:\/\/inahsamx.com\/tienda\/\"},{\"@type\":\"ListItem\",\"position\":3,\"name\":\"Aurum LED 50W\/ 60W\/ 90W- INAHSA\"}]}]}<\/script>\n<!-- \/ Yoast SEO plugin. -->","yoast_head_json":{"title":"Aurum LED 50W\/ 60W\/ 90W- INAHSA - INAHSA","description":"Aurum Led 50w \/ 60w \/ 90w. Luminario con cuerpo en inyecci\u00f3n de aluminio, mantiene una l\u00ednea cl\u00e1sica incorporando la tecnolog\u00eda LED.","robots":{"index":"index","follow":"follow","max-snippet":"max-snippet:-1","max-image-preview":"max-image-preview:large","max-video-preview":"max-video-preview:-1"},"canonical":"https:\/\/inahsamx.com\/tienda\/product\/aurum-led-50w-60w-90w-inahsa\/","og_locale":"es_ES","og_type":"article","og_title":"Aurum LED 50W\/ 60W\/ 90W- INAHSA - INAHSA","og_description":"Aurum Led 50w \/ 60w \/ 90w. Luminario con cuerpo en inyecci\u00f3n de aluminio, mantiene una l\u00ednea cl\u00e1sica incorporando la tecnolog\u00eda LED.","og_url":"https:\/\/inahsamx.com\/tienda\/product\/aurum-led-50w-60w-90w-inahsa\/","og_site_name":"INAHSA","article_modified_time":"2022-11-28T23:21:35+00:00","og_image":[{"width":1000,"height":1000,"url":"https:\/\/inahsamx.com\/tienda\/wp-content\/uploads\/2022\/05\/aurum4.jpg","type":"image\/jpeg"}],"twitter_card":"summary_large_image","twitter_misc":{"Tiempo de lectura":"1 minuto"},"schema":{"@context":"https:\/\/schema.org","@graph":[{"@type":"WebSite","@id":"https:\/\/inahsamx.com\/tienda\/#website","url":"https:\/\/inahsamx.com\/tienda\/","name":"INAHSA","description":"Industrial Nacional de Alumbrado y Herrajes S.A de C.V.","potentialAction":[{"@type":"SearchAction","target":{"@type":"EntryPoint","urlTemplate":"https:\/\/inahsamx.com\/tienda\/?s={search_term_string}"},"query-input":"required name=search_term_string"}],"inLanguage":"es"},{"@type":"ImageObject","inLanguage":"es","@id":"https:\/\/inahsamx.com\/tienda\/product\/aurum-led-50w-60w-90w-inahsa\/#primaryimage","url":"https:\/\/inahsamx.com\/tienda\/wp-content\/uploads\/2022\/05\/aurum4.jpg","contentUrl":"https:\/\/inahsamx.com\/tienda\/wp-content\/uploads\/2022\/05\/aurum4.jpg","width":1000,"height":1000},{"@type":"WebPage","@id":"https:\/\/inahsamx.com\/tienda\/product\/aurum-led-50w-60w-90w-inahsa\/#webpage","url":"https:\/\/inahsamx.com\/tienda\/product\/aurum-led-50w-60w-90w-inahsa\/","name":"Aurum LED 50W\/ 60W\/ 90W- INAHSA - INAHSA","isPartOf":{"@id":"https:\/\/inahsamx.com\/tienda\/#website"},"primaryImageOfPage":{"@id":"https:\/\/inahsamx.com\/tienda\/product\/aurum-led-50w-60w-90w-inahsa\/#primaryimage"},"datePublished":"2022-05-08T20:43:56+00:00","dateModified":"2022-11-28T23:21:35+00:00","description":"Aurum Led 50w \/ 60w \/ 90w. Luminario con cuerpo en inyecci\u00f3n de aluminio, mantiene una l\u00ednea cl\u00e1sica incorporando la tecnolog\u00eda LED.","breadcrumb":{"@id":"https:\/\/inahsamx.com\/tienda\/product\/aurum-led-50w-60w-90w-inahsa\/#breadcrumb"},"inLanguage":"es","potentialAction":[{"@type":"ReadAction","target":["https:\/\/inahsamx.com\/tienda\/product\/aurum-led-50w-60w-90w-inahsa\/"]}]},{"@type":"BreadcrumbList","@id":"https:\/\/inahsamx.com\/tienda\/product\/aurum-led-50w-60w-90w-inahsa\/#breadcrumb","itemListElement":[{"@type":"ListItem","position":1,"name":"Portada","item":"https:\/\/inahsamx.com\/tienda\/"},{"@type":"ListItem","position":2,"name":"Tienda INAHSA","item":"https:\/\/inahsamx.com\/tienda\/"},{"@type":"ListItem","position":3,"name":"Aurum LED 50W\/ 60W\/ 90W- INAHSA"}]}]}},"_links":{"self":[{"href":"https:\/\/inahsamx.com\/tienda\/wp-json\/wp\/v2\/product\/3258","targetHints":{"allow":["GET"]}}],"collection":[{"href":"https:\/\/inahsamx.com\/tienda\/wp-json\/wp\/v2\/product"}],"about":[{"href":"https:\/\/inahsamx.com\/tienda\/wp-json\/wp\/v2\/types\/product"}],"replies":[{"embeddable":true,"href":"https:\/\/inahsamx.com\/tienda\/wp-json\/wp\/v2\/comments?post=3258"}],"wp:featuredmedia":[{"embeddable":true,"href":"https:\/\/inahsamx.com\/tienda\/wp-json\/wp\/v2\/media\/3325"}],"wp:attachment":[{"href":"https:\/\/inahsamx.com\/tienda\/wp-json\/wp\/v2\/media?parent=3258"}],"wp:term":[{"taxonomy":"product_cat","embeddable":true,"href":"https:\/\/inahsamx.com\/tienda\/wp-json\/wp\/v2\/product_cat?post=3258"},{"taxonomy":"product_tag","embeddable":true,"href":"https:\/\/inahsamx.com\/tienda\/wp-json\/wp\/v2\/product_tag?post=3258"}],"curies":[{"name":"wp","href":"https:\/\/api.w.org\/{rel}","templated":true}]}}