{"id":3592,"date":"2022-05-08T20:48:34","date_gmt":"2022-05-08T20:48:34","guid":{"rendered":"https:\/\/inahsa.com\/tienda\/?post_type=product&#038;p=3592"},"modified":"2022-11-28T23:53:55","modified_gmt":"2022-11-28T23:53:55","slug":"farol-omega-inahsa","status":"publish","type":"product","link":"https:\/\/inahsamx.com\/tienda\/product\/farol-omega-inahsa\/","title":{"rendered":"Farol omega HID"},"content":{"rendered":"<p>Iluminaci\u00f3n punta de poste &#8211; Omega. Luminario tipo punta de poste fabricado en aluminio inyectado a presi\u00f3n, tipo cono invertido y un acabado en pintura poli\u00e9ster en color negro la cual es aplicada por el proceso electrost\u00e1tica dando una mayor protecci\u00f3n contra la corrosi\u00f3n. El acabado hace resaltar su elegancia.<\/p>\n<p>El luminario est\u00e1 dise\u00f1ado para colocarse en la punta de un poste con una altura m\u00e1xima de 4 m, y un di\u00e1metro de 33mm exterior y una entrada para punta de poste de 2 1\u20442&#8243;<\/p>\n<p>&nbsp;<\/p>\n<p><strong>Difusor<\/strong><br \/>\nDe policarbonato tratado contra rayos UV y con prismas para obtener una adecuada distribuci\u00f3n lum\u00ednica, la Iluminaci\u00f3n punta de poste &#8211; Omega es resistente a impactos y a las variaciones de temperatura. El luminario lo complementa un reflector en chapa de acero en la parte superior, cuenta con tres tornillos de acero tipo pija, para fijar al poste cuenta con cuatro tornillos y cuenta con protecci\u00f3n de picos de hasta 10kV<\/p>\n<p>&nbsp;<\/p>\n<p>Si quieres conocer m\u00e1s sobre\u00a0<a href=\"https:\/\/inahsa.com\/tienda\/product-category\/3-hid-iluminacion\/punta-de-poste\/\">Punta de Poste Tradicional<\/a> visita nuestra categor\u00eda dedicada, tambi\u00e9n puedes visitar nuestros\u00a0dem\u00e1s\u00a0<a href=\"https:\/\/inahsa.com\/tienda\/shop\/\">productos<\/a>\u00a0y si tienes alg\u00fan comentario no dudes en\u00a0<a href=\"http:\/\/inahsa.com\/contacto.html\">contactarnos.<\/a><\/p>\n<p>&nbsp;<\/p>\n<p>&nbsp;<\/p>\n","protected":false},"excerpt":{"rendered":"<p>El luminario esta dise\u00f1ado para colocarse en la punta de un poste con una altura m\u00e1xima de 4 m, y un di\u00e1metro de 33mm exterior y una entrada para punta de poste de 2 1\u20442&#8243;<\/p>\n<p>BAJO PEDIDO<\/p>\n<div class=\"btn\"><a href=\"https:\/\/inahsa.com\/tienda\/wp-content\/uploads\/2022\/05\/CATALOGO-OMEGA-HID_rev-1.pdf\">Descargar Ficha T\u00e9cnica <\/a><\/div>\n<div class=\"btn\"><a href=\"http:\/\/inahsa.com\/contacto.html\">\u00bfRequieres ayuda para cotizar o para tu env\u00edo?<\/a><\/div>\n","protected":false},"featured_media":3182,"comment_status":"closed","ping_status":"closed","template":"","meta":{"_joinchat":[]},"product_cat":[25,31],"product_tag":[],"class_list":["post-3592","product","type-product","status-publish","has-post-thumbnail","hentry","product_cat-3-hid-iluminacion","product_cat-punta-de-poste"],"yoast_head":"<!-- This site is optimized with the Yoast SEO plugin v19.0 - https:\/\/yoast.com\/wordpress\/plugins\/seo\/ -->\n<title>Farol omega HID - INAHSA<\/title>\n<meta name=\"description\" content=\"Punta de Poste LED - Farol Omega. El luminario esta dise\u00f1ado para colocarse en la punta de un poste con una altura m\u00e1xima de 4 m\" \/>\n<meta name=\"robots\" content=\"index, follow, max-snippet:-1, max-image-preview:large, max-video-preview:-1\" \/>\n<link rel=\"canonical\" href=\"https:\/\/inahsamx.com\/tienda\/product\/farol-omega-inahsa\/\" \/>\n<meta property=\"og:locale\" content=\"es_ES\" \/>\n<meta property=\"og:type\" content=\"article\" \/>\n<meta property=\"og:title\" content=\"Farol omega HID - INAHSA\" \/>\n<meta property=\"og:description\" content=\"Punta de Poste LED - Farol Omega. El luminario esta dise\u00f1ado para colocarse en la punta de un poste con una altura m\u00e1xima de 4 m\" \/>\n<meta property=\"og:url\" content=\"https:\/\/inahsamx.com\/tienda\/product\/farol-omega-inahsa\/\" \/>\n<meta property=\"og:site_name\" content=\"INAHSA\" \/>\n<meta property=\"article:modified_time\" content=\"2022-11-28T23:53:55+00:00\" \/>\n<meta property=\"og:image\" content=\"https:\/\/inahsamx.com\/tienda\/wp-content\/uploads\/2022\/05\/omega.jpg\" \/>\n\t<meta property=\"og:image:width\" content=\"1000\" \/>\n\t<meta property=\"og:image:height\" content=\"1000\" \/>\n\t<meta property=\"og:image:type\" content=\"image\/jpeg\" \/>\n<meta name=\"twitter:card\" content=\"summary_large_image\" \/>\n<meta name=\"twitter:label1\" content=\"Tiempo de lectura\" \/>\n\t<meta name=\"twitter:data1\" content=\"1 minuto\" \/>\n<script type=\"application\/ld+json\" class=\"yoast-schema-graph\">{\"@context\":\"https:\/\/schema.org\",\"@graph\":[{\"@type\":\"WebSite\",\"@id\":\"https:\/\/inahsamx.com\/tienda\/#website\",\"url\":\"https:\/\/inahsamx.com\/tienda\/\",\"name\":\"INAHSA\",\"description\":\"Industrial Nacional de Alumbrado y Herrajes S.A de C.V.\",\"potentialAction\":[{\"@type\":\"SearchAction\",\"target\":{\"@type\":\"EntryPoint\",\"urlTemplate\":\"https:\/\/inahsamx.com\/tienda\/?s={search_term_string}\"},\"query-input\":\"required name=search_term_string\"}],\"inLanguage\":\"es\"},{\"@type\":\"ImageObject\",\"inLanguage\":\"es\",\"@id\":\"https:\/\/inahsamx.com\/tienda\/product\/farol-omega-inahsa\/#primaryimage\",\"url\":\"https:\/\/inahsamx.com\/tienda\/wp-content\/uploads\/2022\/05\/omega.jpg\",\"contentUrl\":\"https:\/\/inahsamx.com\/tienda\/wp-content\/uploads\/2022\/05\/omega.jpg\",\"width\":1000,\"height\":1000},{\"@type\":\"WebPage\",\"@id\":\"https:\/\/inahsamx.com\/tienda\/product\/farol-omega-inahsa\/#webpage\",\"url\":\"https:\/\/inahsamx.com\/tienda\/product\/farol-omega-inahsa\/\",\"name\":\"Farol omega HID - INAHSA\",\"isPartOf\":{\"@id\":\"https:\/\/inahsamx.com\/tienda\/#website\"},\"primaryImageOfPage\":{\"@id\":\"https:\/\/inahsamx.com\/tienda\/product\/farol-omega-inahsa\/#primaryimage\"},\"datePublished\":\"2022-05-08T20:48:34+00:00\",\"dateModified\":\"2022-11-28T23:53:55+00:00\",\"description\":\"Punta de Poste LED - Farol Omega. El luminario esta dise\u00f1ado para colocarse en la punta de un poste con una altura m\u00e1xima de 4 m\",\"breadcrumb\":{\"@id\":\"https:\/\/inahsamx.com\/tienda\/product\/farol-omega-inahsa\/#breadcrumb\"},\"inLanguage\":\"es\",\"potentialAction\":[{\"@type\":\"ReadAction\",\"target\":[\"https:\/\/inahsamx.com\/tienda\/product\/farol-omega-inahsa\/\"]}]},{\"@type\":\"BreadcrumbList\",\"@id\":\"https:\/\/inahsamx.com\/tienda\/product\/farol-omega-inahsa\/#breadcrumb\",\"itemListElement\":[{\"@type\":\"ListItem\",\"position\":1,\"name\":\"Portada\",\"item\":\"https:\/\/inahsamx.com\/tienda\/\"},{\"@type\":\"ListItem\",\"position\":2,\"name\":\"Tienda INAHSA\",\"item\":\"https:\/\/inahsamx.com\/tienda\/\"},{\"@type\":\"ListItem\",\"position\":3,\"name\":\"Farol omega HID\"}]}]}<\/script>\n<!-- \/ Yoast SEO plugin. -->","yoast_head_json":{"title":"Farol omega HID - INAHSA","description":"Punta de Poste LED - Farol Omega. El luminario esta dise\u00f1ado para colocarse en la punta de un poste con una altura m\u00e1xima de 4 m","robots":{"index":"index","follow":"follow","max-snippet":"max-snippet:-1","max-image-preview":"max-image-preview:large","max-video-preview":"max-video-preview:-1"},"canonical":"https:\/\/inahsamx.com\/tienda\/product\/farol-omega-inahsa\/","og_locale":"es_ES","og_type":"article","og_title":"Farol omega HID - INAHSA","og_description":"Punta de Poste LED - Farol Omega. El luminario esta dise\u00f1ado para colocarse en la punta de un poste con una altura m\u00e1xima de 4 m","og_url":"https:\/\/inahsamx.com\/tienda\/product\/farol-omega-inahsa\/","og_site_name":"INAHSA","article_modified_time":"2022-11-28T23:53:55+00:00","og_image":[{"width":1000,"height":1000,"url":"https:\/\/inahsamx.com\/tienda\/wp-content\/uploads\/2022\/05\/omega.jpg","type":"image\/jpeg"}],"twitter_card":"summary_large_image","twitter_misc":{"Tiempo de lectura":"1 minuto"},"schema":{"@context":"https:\/\/schema.org","@graph":[{"@type":"WebSite","@id":"https:\/\/inahsamx.com\/tienda\/#website","url":"https:\/\/inahsamx.com\/tienda\/","name":"INAHSA","description":"Industrial Nacional de Alumbrado y Herrajes S.A de C.V.","potentialAction":[{"@type":"SearchAction","target":{"@type":"EntryPoint","urlTemplate":"https:\/\/inahsamx.com\/tienda\/?s={search_term_string}"},"query-input":"required name=search_term_string"}],"inLanguage":"es"},{"@type":"ImageObject","inLanguage":"es","@id":"https:\/\/inahsamx.com\/tienda\/product\/farol-omega-inahsa\/#primaryimage","url":"https:\/\/inahsamx.com\/tienda\/wp-content\/uploads\/2022\/05\/omega.jpg","contentUrl":"https:\/\/inahsamx.com\/tienda\/wp-content\/uploads\/2022\/05\/omega.jpg","width":1000,"height":1000},{"@type":"WebPage","@id":"https:\/\/inahsamx.com\/tienda\/product\/farol-omega-inahsa\/#webpage","url":"https:\/\/inahsamx.com\/tienda\/product\/farol-omega-inahsa\/","name":"Farol omega HID - INAHSA","isPartOf":{"@id":"https:\/\/inahsamx.com\/tienda\/#website"},"primaryImageOfPage":{"@id":"https:\/\/inahsamx.com\/tienda\/product\/farol-omega-inahsa\/#primaryimage"},"datePublished":"2022-05-08T20:48:34+00:00","dateModified":"2022-11-28T23:53:55+00:00","description":"Punta de Poste LED - Farol Omega. El luminario esta dise\u00f1ado para colocarse en la punta de un poste con una altura m\u00e1xima de 4 m","breadcrumb":{"@id":"https:\/\/inahsamx.com\/tienda\/product\/farol-omega-inahsa\/#breadcrumb"},"inLanguage":"es","potentialAction":[{"@type":"ReadAction","target":["https:\/\/inahsamx.com\/tienda\/product\/farol-omega-inahsa\/"]}]},{"@type":"BreadcrumbList","@id":"https:\/\/inahsamx.com\/tienda\/product\/farol-omega-inahsa\/#breadcrumb","itemListElement":[{"@type":"ListItem","position":1,"name":"Portada","item":"https:\/\/inahsamx.com\/tienda\/"},{"@type":"ListItem","position":2,"name":"Tienda INAHSA","item":"https:\/\/inahsamx.com\/tienda\/"},{"@type":"ListItem","position":3,"name":"Farol omega HID"}]}]}},"_links":{"self":[{"href":"https:\/\/inahsamx.com\/tienda\/wp-json\/wp\/v2\/product\/3592","targetHints":{"allow":["GET"]}}],"collection":[{"href":"https:\/\/inahsamx.com\/tienda\/wp-json\/wp\/v2\/product"}],"about":[{"href":"https:\/\/inahsamx.com\/tienda\/wp-json\/wp\/v2\/types\/product"}],"replies":[{"embeddable":true,"href":"https:\/\/inahsamx.com\/tienda\/wp-json\/wp\/v2\/comments?post=3592"}],"wp:featuredmedia":[{"embeddable":true,"href":"https:\/\/inahsamx.com\/tienda\/wp-json\/wp\/v2\/media\/3182"}],"wp:attachment":[{"href":"https:\/\/inahsamx.com\/tienda\/wp-json\/wp\/v2\/media?parent=3592"}],"wp:term":[{"taxonomy":"product_cat","embeddable":true,"href":"https:\/\/inahsamx.com\/tienda\/wp-json\/wp\/v2\/product_cat?post=3592"},{"taxonomy":"product_tag","embeddable":true,"href":"https:\/\/inahsamx.com\/tienda\/wp-json\/wp\/v2\/product_tag?post=3592"}],"curies":[{"name":"wp","href":"https:\/\/api.w.org\/{rel}","templated":true}]}}