{"id":4239,"date":"2022-07-25T22:34:10","date_gmt":"2022-07-25T22:34:10","guid":{"rendered":"https:\/\/inahsa.com\/tienda\/?post_type=product&#038;p=4239"},"modified":"2022-11-28T23:24:00","modified_gmt":"2022-11-28T23:24:00","slug":"poste-conico-circular-inahsa","status":"publish","type":"product","link":"https:\/\/inahsamx.com\/tienda\/product\/poste-conico-circular-inahsa\/","title":{"rendered":"Poste C\u00f3nico Circular"},"content":{"rendered":"<p>Se pueden solicitar con acabados en galvanizado por proceso inmersi\u00f3n en caliente.<br \/>\nLos acabados son aplicados seg\u00fan la especificaci\u00f3n y caracter\u00edsticas que se requieran.<\/p>\n<p>Para la disponibilidad de colores en los postes ser\u00e1 mediante un pedido m\u00ednimo de producto, y bajo especificaciones del tono de color descrito por el solicitante<\/p>\n<p>Ideal para fijaci\u00f3n de luminarias para alumbrado p\u00fablico<\/p>\n<p>&nbsp;<\/p>\n<p><a href=\"https:\/\/inahsa.com\/tienda\/wp-content\/uploads\/2022\/07\/CATALOGO-POSTES-CONICO.pdf\">Descargar Ficha T\u00e9cnica <\/a><\/p>\n","protected":false},"excerpt":{"rendered":"<ul>\n<li>Manufacturados en una sola pieza en lamina de acero calibre 11.<\/li>\n<li>Fabricado en placa de acero con agujeros para pernos (anclas) de anclaje y que sirve de asiento para su fijaci\u00f3n.<\/li>\n<li>En la parte inferior lleva un refuerzo de forma circula, uniendo el tronco con la placa. En la corona se coloca una o dos perchas <strong>seg\u00fan se especifique.<\/strong><\/li>\n<\/ul>\n<p>POSTE CONICO CIRCULAR DE:<\/p>\n<ul>\n<li>4 METROS<\/li>\n<li>5 METROS<\/li>\n<li>6 METROS<\/li>\n<li>7 METROS<\/li>\n<li>8 METROS<\/li>\n<li>9 METROS<\/li>\n<li>10 METROS<\/li>\n<li>11 METROS<\/li>\n<li>12 METROS<\/li>\n<\/ul>\n<p><a href=\"https:\/\/inahsa.com\/tienda\/contacto\/\">Cotizar para proyecto<\/a><\/p>\n","protected":false},"featured_media":4246,"comment_status":"open","ping_status":"closed","template":"","meta":{"_joinchat":[]},"product_cat":[32],"product_tag":[],"class_list":["post-4239","product","type-product","status-publish","has-post-thumbnail","hentry","product_cat-4-postes-y-herrajes"],"yoast_head":"<!-- This site is optimized with the Yoast SEO plugin v19.0 - https:\/\/yoast.com\/wordpress\/plugins\/seo\/ -->\n<title>Poste C\u00f3nico Circular - INAHSA<\/title>\n<meta name=\"robots\" content=\"index, follow, max-snippet:-1, max-image-preview:large, max-video-preview:-1\" \/>\n<link rel=\"canonical\" href=\"https:\/\/inahsamx.com\/tienda\/product\/poste-conico-circular-inahsa\/\" \/>\n<meta property=\"og:locale\" content=\"es_ES\" \/>\n<meta property=\"og:type\" content=\"article\" \/>\n<meta property=\"og:title\" content=\"Poste C\u00f3nico Circular - INAHSA\" \/>\n<meta property=\"og:description\" content=\"Manufacturados en una sola pieza en lamina de acero calibre 11.  Fabricado en placa de acero con agujeros para pernos (anclas) de anclaje y que sirve de asiento para su fijaci\u00f3n.  En la parte inferior lleva un refuerzo de forma circula, uniendo el tronco con la placa. En la corona se coloca una o dos perchas seg\u00fan se especifique.  POSTE CONICO CIRCULAR DE:   4 METROS  5 METROS  6 METROS  7 METROS  8 METROS  9 METROS  10 METROS  11 METROS  12 METROS  Cotizar para proyecto\" \/>\n<meta property=\"og:url\" content=\"https:\/\/inahsamx.com\/tienda\/product\/poste-conico-circular-inahsa\/\" \/>\n<meta property=\"og:site_name\" content=\"INAHSA\" \/>\n<meta property=\"article:modified_time\" content=\"2022-11-28T23:24:00+00:00\" \/>\n<meta property=\"og:image\" content=\"https:\/\/inahsamx.com\/tienda\/wp-content\/uploads\/2022\/07\/untitled.28.jpg\" \/>\n\t<meta property=\"og:image:width\" content=\"1600\" \/>\n\t<meta property=\"og:image:height\" content=\"1209\" \/>\n\t<meta property=\"og:image:type\" content=\"image\/jpeg\" \/>\n<meta name=\"twitter:card\" content=\"summary_large_image\" \/>\n<meta name=\"twitter:label1\" content=\"Tiempo de lectura\" \/>\n\t<meta name=\"twitter:data1\" content=\"1 minuto\" \/>\n<script type=\"application\/ld+json\" class=\"yoast-schema-graph\">{\"@context\":\"https:\/\/schema.org\",\"@graph\":[{\"@type\":\"WebSite\",\"@id\":\"https:\/\/inahsamx.com\/tienda\/#website\",\"url\":\"https:\/\/inahsamx.com\/tienda\/\",\"name\":\"INAHSA\",\"description\":\"Industrial Nacional de Alumbrado y Herrajes S.A de C.V.\",\"potentialAction\":[{\"@type\":\"SearchAction\",\"target\":{\"@type\":\"EntryPoint\",\"urlTemplate\":\"https:\/\/inahsamx.com\/tienda\/?s={search_term_string}\"},\"query-input\":\"required name=search_term_string\"}],\"inLanguage\":\"es\"},{\"@type\":\"ImageObject\",\"inLanguage\":\"es\",\"@id\":\"https:\/\/inahsamx.com\/tienda\/product\/poste-conico-circular-inahsa\/#primaryimage\",\"url\":\"https:\/\/inahsamx.com\/tienda\/wp-content\/uploads\/2022\/07\/untitled.28.jpg\",\"contentUrl\":\"https:\/\/inahsamx.com\/tienda\/wp-content\/uploads\/2022\/07\/untitled.28.jpg\",\"width\":1600,\"height\":1209},{\"@type\":\"WebPage\",\"@id\":\"https:\/\/inahsamx.com\/tienda\/product\/poste-conico-circular-inahsa\/#webpage\",\"url\":\"https:\/\/inahsamx.com\/tienda\/product\/poste-conico-circular-inahsa\/\",\"name\":\"Poste C\u00f3nico Circular - INAHSA\",\"isPartOf\":{\"@id\":\"https:\/\/inahsamx.com\/tienda\/#website\"},\"primaryImageOfPage\":{\"@id\":\"https:\/\/inahsamx.com\/tienda\/product\/poste-conico-circular-inahsa\/#primaryimage\"},\"datePublished\":\"2022-07-25T22:34:10+00:00\",\"dateModified\":\"2022-11-28T23:24:00+00:00\",\"breadcrumb\":{\"@id\":\"https:\/\/inahsamx.com\/tienda\/product\/poste-conico-circular-inahsa\/#breadcrumb\"},\"inLanguage\":\"es\",\"potentialAction\":[{\"@type\":\"ReadAction\",\"target\":[\"https:\/\/inahsamx.com\/tienda\/product\/poste-conico-circular-inahsa\/\"]}]},{\"@type\":\"BreadcrumbList\",\"@id\":\"https:\/\/inahsamx.com\/tienda\/product\/poste-conico-circular-inahsa\/#breadcrumb\",\"itemListElement\":[{\"@type\":\"ListItem\",\"position\":1,\"name\":\"Portada\",\"item\":\"https:\/\/inahsamx.com\/tienda\/\"},{\"@type\":\"ListItem\",\"position\":2,\"name\":\"Tienda INAHSA\",\"item\":\"https:\/\/inahsamx.com\/tienda\/\"},{\"@type\":\"ListItem\",\"position\":3,\"name\":\"Poste C\u00f3nico Circular\"}]}]}<\/script>\n<!-- \/ Yoast SEO plugin. -->","yoast_head_json":{"title":"Poste C\u00f3nico Circular - INAHSA","robots":{"index":"index","follow":"follow","max-snippet":"max-snippet:-1","max-image-preview":"max-image-preview:large","max-video-preview":"max-video-preview:-1"},"canonical":"https:\/\/inahsamx.com\/tienda\/product\/poste-conico-circular-inahsa\/","og_locale":"es_ES","og_type":"article","og_title":"Poste C\u00f3nico Circular - INAHSA","og_description":"Manufacturados en una sola pieza en lamina de acero calibre 11.  Fabricado en placa de acero con agujeros para pernos (anclas) de anclaje y que sirve de asiento para su fijaci\u00f3n.  En la parte inferior lleva un refuerzo de forma circula, uniendo el tronco con la placa. En la corona se coloca una o dos perchas seg\u00fan se especifique.  POSTE CONICO CIRCULAR DE:   4 METROS  5 METROS  6 METROS  7 METROS  8 METROS  9 METROS  10 METROS  11 METROS  12 METROS  Cotizar para proyecto","og_url":"https:\/\/inahsamx.com\/tienda\/product\/poste-conico-circular-inahsa\/","og_site_name":"INAHSA","article_modified_time":"2022-11-28T23:24:00+00:00","og_image":[{"width":1600,"height":1209,"url":"https:\/\/inahsamx.com\/tienda\/wp-content\/uploads\/2022\/07\/untitled.28.jpg","type":"image\/jpeg"}],"twitter_card":"summary_large_image","twitter_misc":{"Tiempo de lectura":"1 minuto"},"schema":{"@context":"https:\/\/schema.org","@graph":[{"@type":"WebSite","@id":"https:\/\/inahsamx.com\/tienda\/#website","url":"https:\/\/inahsamx.com\/tienda\/","name":"INAHSA","description":"Industrial Nacional de Alumbrado y Herrajes S.A de C.V.","potentialAction":[{"@type":"SearchAction","target":{"@type":"EntryPoint","urlTemplate":"https:\/\/inahsamx.com\/tienda\/?s={search_term_string}"},"query-input":"required name=search_term_string"}],"inLanguage":"es"},{"@type":"ImageObject","inLanguage":"es","@id":"https:\/\/inahsamx.com\/tienda\/product\/poste-conico-circular-inahsa\/#primaryimage","url":"https:\/\/inahsamx.com\/tienda\/wp-content\/uploads\/2022\/07\/untitled.28.jpg","contentUrl":"https:\/\/inahsamx.com\/tienda\/wp-content\/uploads\/2022\/07\/untitled.28.jpg","width":1600,"height":1209},{"@type":"WebPage","@id":"https:\/\/inahsamx.com\/tienda\/product\/poste-conico-circular-inahsa\/#webpage","url":"https:\/\/inahsamx.com\/tienda\/product\/poste-conico-circular-inahsa\/","name":"Poste C\u00f3nico Circular - INAHSA","isPartOf":{"@id":"https:\/\/inahsamx.com\/tienda\/#website"},"primaryImageOfPage":{"@id":"https:\/\/inahsamx.com\/tienda\/product\/poste-conico-circular-inahsa\/#primaryimage"},"datePublished":"2022-07-25T22:34:10+00:00","dateModified":"2022-11-28T23:24:00+00:00","breadcrumb":{"@id":"https:\/\/inahsamx.com\/tienda\/product\/poste-conico-circular-inahsa\/#breadcrumb"},"inLanguage":"es","potentialAction":[{"@type":"ReadAction","target":["https:\/\/inahsamx.com\/tienda\/product\/poste-conico-circular-inahsa\/"]}]},{"@type":"BreadcrumbList","@id":"https:\/\/inahsamx.com\/tienda\/product\/poste-conico-circular-inahsa\/#breadcrumb","itemListElement":[{"@type":"ListItem","position":1,"name":"Portada","item":"https:\/\/inahsamx.com\/tienda\/"},{"@type":"ListItem","position":2,"name":"Tienda INAHSA","item":"https:\/\/inahsamx.com\/tienda\/"},{"@type":"ListItem","position":3,"name":"Poste C\u00f3nico Circular"}]}]}},"_links":{"self":[{"href":"https:\/\/inahsamx.com\/tienda\/wp-json\/wp\/v2\/product\/4239","targetHints":{"allow":["GET"]}}],"collection":[{"href":"https:\/\/inahsamx.com\/tienda\/wp-json\/wp\/v2\/product"}],"about":[{"href":"https:\/\/inahsamx.com\/tienda\/wp-json\/wp\/v2\/types\/product"}],"replies":[{"embeddable":true,"href":"https:\/\/inahsamx.com\/tienda\/wp-json\/wp\/v2\/comments?post=4239"}],"wp:featuredmedia":[{"embeddable":true,"href":"https:\/\/inahsamx.com\/tienda\/wp-json\/wp\/v2\/media\/4246"}],"wp:attachment":[{"href":"https:\/\/inahsamx.com\/tienda\/wp-json\/wp\/v2\/media?parent=4239"}],"wp:term":[{"taxonomy":"product_cat","embeddable":true,"href":"https:\/\/inahsamx.com\/tienda\/wp-json\/wp\/v2\/product_cat?post=4239"},{"taxonomy":"product_tag","embeddable":true,"href":"https:\/\/inahsamx.com\/tienda\/wp-json\/wp\/v2\/product_tag?post=4239"}],"curies":[{"name":"wp","href":"https:\/\/api.w.org\/{rel}","templated":true}]}}