{"id":4514,"date":"2023-11-16T23:29:41","date_gmt":"2023-11-16T23:29:41","guid":{"rendered":"https:\/\/inahsa.com\/tienda\/?post_type=product&#038;p=4514"},"modified":"2023-11-16T23:41:16","modified_gmt":"2023-11-16T23:41:16","slug":"vega-12w-18w","status":"publish","type":"product","link":"https:\/\/inahsamx.com\/tienda\/product\/vega-12w-18w\/","title":{"rendered":"VEGA 12W\/18W"},"content":{"rendered":"<p>Iluminaci\u00f3n Arquitect\u00f3nica LED \u2013 Vega 12W y 18W. Luminario tipo panel LED con cuerpo de inyecci\u00f3n de aluminio cubierto de acr\u00edlico.<\/p>\n<p>Soportes integrados para fijarlo en plaf\u00f3n.<\/p>\n<p>&nbsp;<\/p>\n<p>Si quieres conocer m\u00e1s sobre\u00a0<a href=\"https:\/\/inahsa.com\/tienda\/product-category\/1-led-iluminacion\/iluminacion-arquitectonica-led\/\">iluminaci\u00f3n arquitect\u00f3nica<\/a>\u00a0visita nuestra secci\u00f3n, tambi\u00e9n puedes conocer nuestros dem\u00e1s\u00a0<a href=\"https:\/\/inahsa.com\/tienda\/shop\/\">productos<\/a>\u00a0y si tienes alg\u00fan comentario no dudes en\u00a0<a href=\"https:\/\/inahsa.com\/tienda\/contacto\/\">contactarnos.<\/a><\/p>\n<p>&nbsp;<\/p>\n","protected":false},"excerpt":{"rendered":"<ul>\n<li><strong>TEMPERATURA DE COLOR:<\/strong>\u00a06500K<\/li>\n<li><strong>POTENCIA:<\/strong> 12W y 18W<\/li>\n<li>100-265V<\/li>\n<li>1 A\u00d1O DE GARANT\u00cdA<\/li>\n<li><strong>VIDA \u00daTIL:\u00a0<\/strong>50,000 hrs<\/li>\n<li><strong>MARCA:<\/strong>\u00a0INAHSA<\/li>\n<\/ul>\n","protected":false},"featured_media":4517,"comment_status":"closed","ping_status":"closed","template":"","meta":{"_joinchat":[]},"product_cat":[22,29],"product_tag":[],"class_list":["post-4514","product","type-product","status-publish","has-post-thumbnail","hentry","product_cat-1-led-iluminacion","product_cat-iluminacion-arquitectonica-led"],"yoast_head":"<!-- This site is optimized with the Yoast SEO plugin v19.0 - https:\/\/yoast.com\/wordpress\/plugins\/seo\/ -->\n<title>VEGA 12W\/18W - INAHSA<\/title>\n<meta name=\"description\" content=\"Luminario tipo panel LED con cuerpo de inyecci\u00f3n de aluminio cubierto de acr\u00edlico\" \/>\n<meta name=\"robots\" content=\"index, follow, max-snippet:-1, max-image-preview:large, max-video-preview:-1\" \/>\n<link rel=\"canonical\" href=\"https:\/\/inahsamx.com\/tienda\/product\/vega-12w-18w\/\" \/>\n<meta property=\"og:locale\" content=\"es_ES\" \/>\n<meta property=\"og:type\" content=\"article\" \/>\n<meta property=\"og:title\" content=\"VEGA 12W\/18W - INAHSA\" \/>\n<meta property=\"og:description\" content=\"Luminario tipo panel LED con cuerpo de inyecci\u00f3n de aluminio cubierto de acr\u00edlico\" \/>\n<meta property=\"og:url\" content=\"https:\/\/inahsamx.com\/tienda\/product\/vega-12w-18w\/\" \/>\n<meta property=\"og:site_name\" content=\"INAHSA\" \/>\n<meta property=\"article:modified_time\" content=\"2023-11-16T23:41:16+00:00\" \/>\n<meta property=\"og:image\" content=\"https:\/\/inahsamx.com\/tienda\/wp-content\/uploads\/2023\/11\/vega.jpg\" \/>\n\t<meta property=\"og:image:width\" content=\"705\" \/>\n\t<meta property=\"og:image:height\" content=\"350\" \/>\n\t<meta property=\"og:image:type\" content=\"image\/jpeg\" \/>\n<meta name=\"twitter:card\" content=\"summary_large_image\" \/>\n<meta name=\"twitter:label1\" content=\"Tiempo de lectura\" \/>\n\t<meta name=\"twitter:data1\" content=\"1 minuto\" \/>\n<script type=\"application\/ld+json\" class=\"yoast-schema-graph\">{\"@context\":\"https:\/\/schema.org\",\"@graph\":[{\"@type\":\"WebSite\",\"@id\":\"https:\/\/inahsamx.com\/tienda\/#website\",\"url\":\"https:\/\/inahsamx.com\/tienda\/\",\"name\":\"INAHSA\",\"description\":\"Industrial Nacional de Alumbrado y Herrajes S.A de C.V.\",\"potentialAction\":[{\"@type\":\"SearchAction\",\"target\":{\"@type\":\"EntryPoint\",\"urlTemplate\":\"https:\/\/inahsamx.com\/tienda\/?s={search_term_string}\"},\"query-input\":\"required name=search_term_string\"}],\"inLanguage\":\"es\"},{\"@type\":\"ImageObject\",\"inLanguage\":\"es\",\"@id\":\"https:\/\/inahsamx.com\/tienda\/product\/vega-12w-18w\/#primaryimage\",\"url\":\"https:\/\/inahsamx.com\/tienda\/wp-content\/uploads\/2023\/11\/vega.jpg\",\"contentUrl\":\"https:\/\/inahsamx.com\/tienda\/wp-content\/uploads\/2023\/11\/vega.jpg\",\"width\":705,\"height\":350},{\"@type\":\"WebPage\",\"@id\":\"https:\/\/inahsamx.com\/tienda\/product\/vega-12w-18w\/#webpage\",\"url\":\"https:\/\/inahsamx.com\/tienda\/product\/vega-12w-18w\/\",\"name\":\"VEGA 12W\/18W - INAHSA\",\"isPartOf\":{\"@id\":\"https:\/\/inahsamx.com\/tienda\/#website\"},\"primaryImageOfPage\":{\"@id\":\"https:\/\/inahsamx.com\/tienda\/product\/vega-12w-18w\/#primaryimage\"},\"datePublished\":\"2023-11-16T23:29:41+00:00\",\"dateModified\":\"2023-11-16T23:41:16+00:00\",\"description\":\"Luminario tipo panel LED con cuerpo de inyecci\u00f3n de aluminio cubierto de acr\u00edlico\",\"breadcrumb\":{\"@id\":\"https:\/\/inahsamx.com\/tienda\/product\/vega-12w-18w\/#breadcrumb\"},\"inLanguage\":\"es\",\"potentialAction\":[{\"@type\":\"ReadAction\",\"target\":[\"https:\/\/inahsamx.com\/tienda\/product\/vega-12w-18w\/\"]}]},{\"@type\":\"BreadcrumbList\",\"@id\":\"https:\/\/inahsamx.com\/tienda\/product\/vega-12w-18w\/#breadcrumb\",\"itemListElement\":[{\"@type\":\"ListItem\",\"position\":1,\"name\":\"Portada\",\"item\":\"https:\/\/inahsamx.com\/tienda\/\"},{\"@type\":\"ListItem\",\"position\":2,\"name\":\"Tienda INAHSA\",\"item\":\"https:\/\/inahsamx.com\/tienda\/\"},{\"@type\":\"ListItem\",\"position\":3,\"name\":\"VEGA 12W\/18W\"}]}]}<\/script>\n<!-- \/ Yoast SEO plugin. -->","yoast_head_json":{"title":"VEGA 12W\/18W - INAHSA","description":"Luminario tipo panel LED con cuerpo de inyecci\u00f3n de aluminio cubierto de acr\u00edlico","robots":{"index":"index","follow":"follow","max-snippet":"max-snippet:-1","max-image-preview":"max-image-preview:large","max-video-preview":"max-video-preview:-1"},"canonical":"https:\/\/inahsamx.com\/tienda\/product\/vega-12w-18w\/","og_locale":"es_ES","og_type":"article","og_title":"VEGA 12W\/18W - INAHSA","og_description":"Luminario tipo panel LED con cuerpo de inyecci\u00f3n de aluminio cubierto de acr\u00edlico","og_url":"https:\/\/inahsamx.com\/tienda\/product\/vega-12w-18w\/","og_site_name":"INAHSA","article_modified_time":"2023-11-16T23:41:16+00:00","og_image":[{"width":705,"height":350,"url":"https:\/\/inahsamx.com\/tienda\/wp-content\/uploads\/2023\/11\/vega.jpg","type":"image\/jpeg"}],"twitter_card":"summary_large_image","twitter_misc":{"Tiempo de lectura":"1 minuto"},"schema":{"@context":"https:\/\/schema.org","@graph":[{"@type":"WebSite","@id":"https:\/\/inahsamx.com\/tienda\/#website","url":"https:\/\/inahsamx.com\/tienda\/","name":"INAHSA","description":"Industrial Nacional de Alumbrado y Herrajes S.A de C.V.","potentialAction":[{"@type":"SearchAction","target":{"@type":"EntryPoint","urlTemplate":"https:\/\/inahsamx.com\/tienda\/?s={search_term_string}"},"query-input":"required name=search_term_string"}],"inLanguage":"es"},{"@type":"ImageObject","inLanguage":"es","@id":"https:\/\/inahsamx.com\/tienda\/product\/vega-12w-18w\/#primaryimage","url":"https:\/\/inahsamx.com\/tienda\/wp-content\/uploads\/2023\/11\/vega.jpg","contentUrl":"https:\/\/inahsamx.com\/tienda\/wp-content\/uploads\/2023\/11\/vega.jpg","width":705,"height":350},{"@type":"WebPage","@id":"https:\/\/inahsamx.com\/tienda\/product\/vega-12w-18w\/#webpage","url":"https:\/\/inahsamx.com\/tienda\/product\/vega-12w-18w\/","name":"VEGA 12W\/18W - INAHSA","isPartOf":{"@id":"https:\/\/inahsamx.com\/tienda\/#website"},"primaryImageOfPage":{"@id":"https:\/\/inahsamx.com\/tienda\/product\/vega-12w-18w\/#primaryimage"},"datePublished":"2023-11-16T23:29:41+00:00","dateModified":"2023-11-16T23:41:16+00:00","description":"Luminario tipo panel LED con cuerpo de inyecci\u00f3n de aluminio cubierto de acr\u00edlico","breadcrumb":{"@id":"https:\/\/inahsamx.com\/tienda\/product\/vega-12w-18w\/#breadcrumb"},"inLanguage":"es","potentialAction":[{"@type":"ReadAction","target":["https:\/\/inahsamx.com\/tienda\/product\/vega-12w-18w\/"]}]},{"@type":"BreadcrumbList","@id":"https:\/\/inahsamx.com\/tienda\/product\/vega-12w-18w\/#breadcrumb","itemListElement":[{"@type":"ListItem","position":1,"name":"Portada","item":"https:\/\/inahsamx.com\/tienda\/"},{"@type":"ListItem","position":2,"name":"Tienda INAHSA","item":"https:\/\/inahsamx.com\/tienda\/"},{"@type":"ListItem","position":3,"name":"VEGA 12W\/18W"}]}]}},"_links":{"self":[{"href":"https:\/\/inahsamx.com\/tienda\/wp-json\/wp\/v2\/product\/4514","targetHints":{"allow":["GET"]}}],"collection":[{"href":"https:\/\/inahsamx.com\/tienda\/wp-json\/wp\/v2\/product"}],"about":[{"href":"https:\/\/inahsamx.com\/tienda\/wp-json\/wp\/v2\/types\/product"}],"replies":[{"embeddable":true,"href":"https:\/\/inahsamx.com\/tienda\/wp-json\/wp\/v2\/comments?post=4514"}],"wp:featuredmedia":[{"embeddable":true,"href":"https:\/\/inahsamx.com\/tienda\/wp-json\/wp\/v2\/media\/4517"}],"wp:attachment":[{"href":"https:\/\/inahsamx.com\/tienda\/wp-json\/wp\/v2\/media?parent=4514"}],"wp:term":[{"taxonomy":"product_cat","embeddable":true,"href":"https:\/\/inahsamx.com\/tienda\/wp-json\/wp\/v2\/product_cat?post=4514"},{"taxonomy":"product_tag","embeddable":true,"href":"https:\/\/inahsamx.com\/tienda\/wp-json\/wp\/v2\/product_tag?post=4514"}],"curies":[{"name":"wp","href":"https:\/\/api.w.org\/{rel}","templated":true}]}}